{"id":2658,"date":"2017-11-18T19:54:19","date_gmt":"2017-11-18T18:54:19","guid":{"rendered":"https:\/\/loom-prod.com\/?page_id=2658"},"modified":"2018-05-24T12:18:45","modified_gmt":"2018-05-24T10:18:45","slug":"our-skills","status":"publish","type":"page","link":"https:\/\/loom-prod.com\/en\/our-skills\/","title":{"rendered":"Our skills"},"content":{"rendered":"","protected":false},"excerpt":{"rendered":"","protected":false},"author":1,"featured_media":2793,"parent":0,"menu_order":0,"comment_status":"closed","ping_status":"closed","template":"template-modules.php","meta":{"_acf_changed":false,"footnotes":""},"class_list":["post-2658","page","type-page","status-publish","has-post-thumbnail","hentry"],"acf":[],"yoast_head":"<!-- This site is optimized with the Yoast SEO plugin v26.1.1 - https:\/\/yoast.com\/wordpress\/plugins\/seo\/ -->\n<title>Our skills - Loom Prod | Soci\u00e9t\u00e9 de production coop\u00e9rative de video mapping<\/title>\n<meta name=\"robots\" content=\"index, follow, max-snippet:-1, max-image-preview:large, max-video-preview:-1\" \/>\n<link rel=\"canonical\" href=\"https:\/\/loom-prod.com\/nos-competences\/\" \/>\n<meta property=\"og:locale\" content=\"en_US\" \/>\n<meta property=\"og:type\" content=\"article\" \/>\n<meta property=\"og:title\" content=\"Our skills - Loom Prod | Soci\u00e9t\u00e9 de production coop\u00e9rative de video mapping\" \/>\n<meta property=\"og:url\" content=\"https:\/\/loom-prod.com\/nos-competences\/\" \/>\n<meta property=\"og:site_name\" content=\"Loom Prod | Soci\u00e9t\u00e9 de production coop\u00e9rative de video mapping\" \/>\n<meta property=\"article:modified_time\" content=\"2018-05-24T10:18:45+00:00\" \/>\n<meta property=\"og:image\" content=\"https:\/\/loom-prod.com\/wp-content\/uploads\/2017\/12\/nos_competences_01.jpg\" \/>\n\t<meta property=\"og:image:width\" content=\"900\" \/>\n\t<meta property=\"og:image:height\" content=\"500\" \/>\n\t<meta property=\"og:image:type\" content=\"image\/jpeg\" \/>\n<meta name=\"twitter:card\" content=\"summary_large_image\" \/>\n<script type=\"application\/ld+json\" class=\"yoast-schema-graph\">{\"@context\":\"https:\/\/schema.org\",\"@graph\":[{\"@type\":\"WebPage\",\"@id\":\"https:\/\/loom-prod.com\/nos-competences\/\",\"url\":\"https:\/\/loom-prod.com\/nos-competences\/\",\"name\":\"Our skills - Loom Prod | Soci\u00e9t\u00e9 de production coop\u00e9rative de video mapping\",\"isPartOf\":{\"@id\":\"https:\/\/loom-prod.com\/#website\"},\"primaryImageOfPage\":{\"@id\":\"https:\/\/loom-prod.com\/nos-competences\/#primaryimage\"},\"image\":{\"@id\":\"https:\/\/loom-prod.com\/nos-competences\/#primaryimage\"},\"thumbnailUrl\":\"https:\/\/loom-prod.com\/wp-content\/uploads\/2017\/12\/nos_competences_01.jpg\",\"datePublished\":\"2017-11-18T18:54:19+00:00\",\"dateModified\":\"2018-05-24T10:18:45+00:00\",\"breadcrumb\":{\"@id\":\"https:\/\/loom-prod.com\/nos-competences\/#breadcrumb\"},\"inLanguage\":\"en-US\",\"potentialAction\":[{\"@type\":\"ReadAction\",\"target\":[\"https:\/\/loom-prod.com\/nos-competences\/\"]}]},{\"@type\":\"ImageObject\",\"inLanguage\":\"en-US\",\"@id\":\"https:\/\/loom-prod.com\/nos-competences\/#primaryimage\",\"url\":\"https:\/\/loom-prod.com\/wp-content\/uploads\/2017\/12\/nos_competences_01.jpg\",\"contentUrl\":\"https:\/\/loom-prod.com\/wp-content\/uploads\/2017\/12\/nos_competences_01.jpg\",\"width\":900,\"height\":500,\"caption\":\"Loom Prod\"},{\"@type\":\"BreadcrumbList\",\"@id\":\"https:\/\/loom-prod.com\/nos-competences\/#breadcrumb\",\"itemListElement\":[{\"@type\":\"ListItem\",\"position\":1,\"name\":\"Accueil\",\"item\":\"https:\/\/loom-prod.com\/?lang=en\"},{\"@type\":\"ListItem\",\"position\":2,\"name\":\"Our skills\"}]},{\"@type\":\"WebSite\",\"@id\":\"https:\/\/loom-prod.com\/#website\",\"url\":\"https:\/\/loom-prod.com\/\",\"name\":\"Loom Prod | Soci\u00e9t\u00e9 de production coop\u00e9rative de video mapping\",\"description\":\"Loom Prod | Soci\u00e9t\u00e9 de production coop\u00e9rative de video mapping\",\"publisher\":{\"@id\":\"https:\/\/loom-prod.com\/#organization\"},\"potentialAction\":[{\"@type\":\"SearchAction\",\"target\":{\"@type\":\"EntryPoint\",\"urlTemplate\":\"https:\/\/loom-prod.com\/?s={search_term_string}\"},\"query-input\":{\"@type\":\"PropertyValueSpecification\",\"valueRequired\":true,\"valueName\":\"search_term_string\"}}],\"inLanguage\":\"en-US\"},{\"@type\":\"Organization\",\"@id\":\"https:\/\/loom-prod.com\/#organization\",\"name\":\"Video Mapping European Center\",\"url\":\"https:\/\/loom-prod.com\/\",\"logo\":{\"@type\":\"ImageObject\",\"inLanguage\":\"en-US\",\"@id\":\"https:\/\/loom-prod.com\/#\/schema\/logo\/image\/\",\"url\":\"https:\/\/loom-prod.com\/wp-content\/uploads\/2017\/07\/logo-v3.png\",\"contentUrl\":\"https:\/\/loom-prod.com\/wp-content\/uploads\/2017\/07\/logo-v3.png\",\"width\":300,\"height\":135,\"caption\":\"Video Mapping European Center\"},\"image\":{\"@id\":\"https:\/\/loom-prod.com\/#\/schema\/logo\/image\/\"}}]}<\/script>\n<!-- \/ Yoast SEO plugin. -->","yoast_head_json":{"title":"Our skills - Loom Prod | Soci\u00e9t\u00e9 de production coop\u00e9rative de video mapping","robots":{"index":"index","follow":"follow","max-snippet":"max-snippet:-1","max-image-preview":"max-image-preview:large","max-video-preview":"max-video-preview:-1"},"canonical":"https:\/\/loom-prod.com\/nos-competences\/","og_locale":"en_US","og_type":"article","og_title":"Our skills - Loom Prod | Soci\u00e9t\u00e9 de production coop\u00e9rative de video mapping","og_url":"https:\/\/loom-prod.com\/nos-competences\/","og_site_name":"Loom Prod | Soci\u00e9t\u00e9 de production coop\u00e9rative de video mapping","article_modified_time":"2018-05-24T10:18:45+00:00","og_image":[{"width":900,"height":500,"url":"https:\/\/loom-prod.com\/wp-content\/uploads\/2017\/12\/nos_competences_01.jpg","type":"image\/jpeg"}],"twitter_card":"summary_large_image","schema":{"@context":"https:\/\/schema.org","@graph":[{"@type":"WebPage","@id":"https:\/\/loom-prod.com\/nos-competences\/","url":"https:\/\/loom-prod.com\/nos-competences\/","name":"Our skills - Loom Prod | Soci\u00e9t\u00e9 de production coop\u00e9rative de video mapping","isPartOf":{"@id":"https:\/\/loom-prod.com\/#website"},"primaryImageOfPage":{"@id":"https:\/\/loom-prod.com\/nos-competences\/#primaryimage"},"image":{"@id":"https:\/\/loom-prod.com\/nos-competences\/#primaryimage"},"thumbnailUrl":"https:\/\/loom-prod.com\/wp-content\/uploads\/2017\/12\/nos_competences_01.jpg","datePublished":"2017-11-18T18:54:19+00:00","dateModified":"2018-05-24T10:18:45+00:00","breadcrumb":{"@id":"https:\/\/loom-prod.com\/nos-competences\/#breadcrumb"},"inLanguage":"en-US","potentialAction":[{"@type":"ReadAction","target":["https:\/\/loom-prod.com\/nos-competences\/"]}]},{"@type":"ImageObject","inLanguage":"en-US","@id":"https:\/\/loom-prod.com\/nos-competences\/#primaryimage","url":"https:\/\/loom-prod.com\/wp-content\/uploads\/2017\/12\/nos_competences_01.jpg","contentUrl":"https:\/\/loom-prod.com\/wp-content\/uploads\/2017\/12\/nos_competences_01.jpg","width":900,"height":500,"caption":"Loom Prod"},{"@type":"BreadcrumbList","@id":"https:\/\/loom-prod.com\/nos-competences\/#breadcrumb","itemListElement":[{"@type":"ListItem","position":1,"name":"Accueil","item":"https:\/\/loom-prod.com\/?lang=en"},{"@type":"ListItem","position":2,"name":"Our skills"}]},{"@type":"WebSite","@id":"https:\/\/loom-prod.com\/#website","url":"https:\/\/loom-prod.com\/","name":"Loom Prod | Soci\u00e9t\u00e9 de production coop\u00e9rative de video mapping","description":"Loom Prod | Soci\u00e9t\u00e9 de production coop\u00e9rative de video mapping","publisher":{"@id":"https:\/\/loom-prod.com\/#organization"},"potentialAction":[{"@type":"SearchAction","target":{"@type":"EntryPoint","urlTemplate":"https:\/\/loom-prod.com\/?s={search_term_string}"},"query-input":{"@type":"PropertyValueSpecification","valueRequired":true,"valueName":"search_term_string"}}],"inLanguage":"en-US"},{"@type":"Organization","@id":"https:\/\/loom-prod.com\/#organization","name":"Video Mapping European Center","url":"https:\/\/loom-prod.com\/","logo":{"@type":"ImageObject","inLanguage":"en-US","@id":"https:\/\/loom-prod.com\/#\/schema\/logo\/image\/","url":"https:\/\/loom-prod.com\/wp-content\/uploads\/2017\/07\/logo-v3.png","contentUrl":"https:\/\/loom-prod.com\/wp-content\/uploads\/2017\/07\/logo-v3.png","width":300,"height":135,"caption":"Video Mapping European Center"},"image":{"@id":"https:\/\/loom-prod.com\/#\/schema\/logo\/image\/"}}]}},"_links":{"self":[{"href":"https:\/\/loom-prod.com\/en\/wp-json\/wp\/v2\/pages\/2658","targetHints":{"allow":["GET"]}}],"collection":[{"href":"https:\/\/loom-prod.com\/en\/wp-json\/wp\/v2\/pages"}],"about":[{"href":"https:\/\/loom-prod.com\/en\/wp-json\/wp\/v2\/types\/page"}],"author":[{"embeddable":true,"href":"https:\/\/loom-prod.com\/en\/wp-json\/wp\/v2\/users\/1"}],"replies":[{"embeddable":true,"href":"https:\/\/loom-prod.com\/en\/wp-json\/wp\/v2\/comments?post=2658"}],"version-history":[{"count":1,"href":"https:\/\/loom-prod.com\/en\/wp-json\/wp\/v2\/pages\/2658\/revisions"}],"predecessor-version":[{"id":2749,"href":"https:\/\/loom-prod.com\/en\/wp-json\/wp\/v2\/pages\/2658\/revisions\/2749"}],"wp:featuredmedia":[{"embeddable":true,"href":"https:\/\/loom-prod.com\/en\/wp-json\/wp\/v2\/media\/2793"}],"wp:attachment":[{"href":"https:\/\/loom-prod.com\/en\/wp-json\/wp\/v2\/media?parent=2658"}],"curies":[{"name":"wp","href":"https:\/\/api.w.org\/{rel}","templated":true}]}}